{"id":236,"date":"2019-01-26T21:22:16","date_gmt":"2019-01-26T21:22:16","guid":{"rendered":"http:\/\/angelicamolina.acreative.work\/es\/?page_id=236"},"modified":"2019-02-04T03:37:08","modified_gmt":"2019-02-04T03:37:08","slug":"testimonios","status":"publish","type":"page","link":"https:\/\/amholisticwellness.com\/es\/testimonios\/","title":{"rendered":"Testimonios"},"content":{"rendered":"<div class=\"row align-center\"  id=\"row-1131001703\">\n<div class=\"col small-12 large-12\"  ><div class=\"col-inner\"  >\n<h1 style=\"text-align: center;\">Testimonios<\/h1>\n<\/div><\/div>\n<div class=\"col medium-4 small-12 large-4\"  ><div class=\"col-inner\"  >\n\t<div class=\"box has-hover has-hover box-text-bottom\" >\r\n\r\n\t\t<div class=\"box-image\" style=\"width:36%;\">\r\n\t\t\t\t\t\t<div class=\"\" >\r\n\t\t\t\t<img loading=\"lazy\" decoding=\"async\" width=\"132\" height=\"132\" src=\"https:\/\/amholisticwellness.com\/es\/wp-content\/uploads\/2019\/01\/testomonials.png\" class=\"attachment- size-\" alt=\"\" srcset=\"https:\/\/amholisticwellness.com\/es\/wp-content\/uploads\/2019\/01\/testomonials.png 132w, https:\/\/amholisticwellness.com\/es\/wp-content\/uploads\/2019\/01\/testomonials-100x100.png 100w\" sizes=\"(max-width: 132px) 100vw, 132px\" \/>\t\t\t\t\t\t\t\t\t\t\t<\/div>\r\n\t\t\t\t\t<\/div><!-- box-image -->\r\n\r\n\t\t<div class=\"box-text text-center\" >\r\n\t\t\t<div class=\"box-text-inner\">\r\n\t\t\t\t\n<p>Conoc\u00ed a Ang\u00e9lica en un momento perfecto. Estaba experimentando una gran ansiedad debido a la presi\u00f3n de tener que manejar el trabajo y al mismo tiempo los asuntos de la vida en general. Sent\u00eda que necesitaba organizar mi vida de manera que pudiera aprender c\u00f3mo priorizar mis obligaciones diarias y liberar el estr\u00e9s que estaba teniendo en mi vida cotidiana. La experiencia de Angelica como terapeuta, combinados con sus inmensas habilidades como coach fueron la combinaci\u00f3n perfecta para guiarme en este viaje, ella ha sido un apoyo muy importante para ayudarme a alcanzar mis metas<\/p>\n<div class=\"is-divider medium\"><\/div>\n<h4>Mica L <span class=\"block thin-font\">Arquitecta<\/span><\/h4>\n\t\t\t<\/div><!-- box-text-inner -->\r\n\t\t<\/div><!-- box-text -->\r\n\t<\/div><!-- .box  -->\r\n\t\n<\/div><\/div>\n<div class=\"col medium-4 small-12 large-4\"  ><div class=\"col-inner\"  >\n\t<div class=\"box has-hover has-hover box-text-bottom\" >\r\n\r\n\t\t<div class=\"box-image\" style=\"width:36%;\">\r\n\t\t\t\t\t\t<div class=\"\" >\r\n\t\t\t\t<img loading=\"lazy\" decoding=\"async\" width=\"132\" height=\"132\" src=\"https:\/\/amholisticwellness.com\/es\/wp-content\/uploads\/2019\/01\/testomonials.png\" class=\"attachment- size-\" alt=\"\" srcset=\"https:\/\/amholisticwellness.com\/es\/wp-content\/uploads\/2019\/01\/testomonials.png 132w, https:\/\/amholisticwellness.com\/es\/wp-content\/uploads\/2019\/01\/testomonials-100x100.png 100w\" sizes=\"(max-width: 132px) 100vw, 132px\" \/>\t\t\t\t\t\t\t\t\t\t\t<\/div>\r\n\t\t\t\t\t<\/div><!-- box-image -->\r\n\r\n\t\t<div class=\"box-text text-center\" >\r\n\t\t\t<div class=\"box-text-inner\">\r\n\t\t\t\t\n<p>Angelica es una Coach excelente, muy profesional y muy buena para escucharte. Ha sido de gran ayuda en mi transici\u00f3n a un rol Directivo y gracias a su apoyo, he desarrollado las habilidades profesionales que necesitaba para desempe\u00f1ar mi rol con confianza. \u00a1El enfoque de Ang\u00e9lica es c\u00e1lido, amigable, dinamico y siempre proporciona informaci\u00f3n relevante que te ayuda a mejorar tus habilidades para el crecimiento personal! La recomiendo cien por ciento.<\/p>\n<div class=\"is-divider medium\"><\/div>\n<h4>Catalina<span class=\"block thin-font\">Gerente general<\/span><\/h4>\n\t\t\t<\/div><!-- box-text-inner -->\r\n\t\t<\/div><!-- box-text -->\r\n\t<\/div><!-- .box  -->\r\n\t\n<\/div><\/div>\n<div class=\"col medium-4 small-12 large-4\"  ><div class=\"col-inner\"  >\n\t<div class=\"box has-hover has-hover box-text-bottom\" >\r\n\r\n\t\t<div class=\"box-image\" style=\"width:36%;\">\r\n\t\t\t\t\t\t<div class=\"\" >\r\n\t\t\t\t<img loading=\"lazy\" decoding=\"async\" width=\"132\" height=\"132\" src=\"https:\/\/amholisticwellness.com\/es\/wp-content\/uploads\/2019\/01\/testomonials.png\" class=\"attachment- size-\" alt=\"\" srcset=\"https:\/\/amholisticwellness.com\/es\/wp-content\/uploads\/2019\/01\/testomonials.png 132w, https:\/\/amholisticwellness.com\/es\/wp-content\/uploads\/2019\/01\/testomonials-100x100.png 100w\" sizes=\"(max-width: 132px) 100vw, 132px\" \/>\t\t\t\t\t\t\t\t\t\t\t<\/div>\r\n\t\t\t\t\t<\/div><!-- box-image -->\r\n\r\n\t\t<div class=\"box-text text-center\" >\r\n\t\t\t<div class=\"box-text-inner\">\r\n\t\t\t\t\n<p>Agradezco enormemente a Angelica por el excelente apoyo que me ha brindado como Mentor, ella tiene un enfoque amable, comprensivo y sobre todo muy positivo que me ayudo a salir de los momentos dif\u00edciles y me dio las herramientas que necesitaba para tener \u00e9xito con mis objetivos.<\/p>\n<div class=\"is-divider medium\"><\/div>\n<h4>Jess B<\/h4>\n\t\t\t<\/div><!-- box-text-inner -->\r\n\t\t<\/div><!-- box-text -->\r\n\t<\/div><!-- .box  -->\r\n\t\n<\/div><\/div>\n\n<style scope=\"scope\">\n\n<\/style>\n<\/div>\n","protected":false},"excerpt":{"rendered":"","protected":false},"author":1,"featured_media":0,"parent":0,"menu_order":0,"comment_status":"closed","ping_status":"closed","template":"","meta":{"footnotes":""},"_links":{"self":[{"href":"https:\/\/amholisticwellness.com\/es\/wp-json\/wp\/v2\/pages\/236"}],"collection":[{"href":"https:\/\/amholisticwellness.com\/es\/wp-json\/wp\/v2\/pages"}],"about":[{"href":"https:\/\/amholisticwellness.com\/es\/wp-json\/wp\/v2\/types\/page"}],"author":[{"embeddable":true,"href":"https:\/\/amholisticwellness.com\/es\/wp-json\/wp\/v2\/users\/1"}],"replies":[{"embeddable":true,"href":"https:\/\/amholisticwellness.com\/es\/wp-json\/wp\/v2\/comments?post=236"}],"version-history":[{"count":12,"href":"https:\/\/amholisticwellness.com\/es\/wp-json\/wp\/v2\/pages\/236\/revisions"}],"predecessor-version":[{"id":287,"href":"https:\/\/amholisticwellness.com\/es\/wp-json\/wp\/v2\/pages\/236\/revisions\/287"}],"wp:attachment":[{"href":"https:\/\/amholisticwellness.com\/es\/wp-json\/wp\/v2\/media?parent=236"}],"curies":[{"name":"wp","href":"https:\/\/api.w.org\/{rel}","templated":true}]}}