{"id":111,"date":"2018-12-12T22:06:03","date_gmt":"2018-12-12T22:06:03","guid":{"rendered":"http:\/\/angelicamolina.acreative.work\/?page_id=111"},"modified":"2019-01-26T20:14:22","modified_gmt":"2019-01-26T20:14:22","slug":"servicios","status":"publish","type":"page","link":"https:\/\/amholisticwellness.com\/es\/servicios\/","title":{"rendered":"Servicios"},"content":{"rendered":"<div class=\"row row-collapse row-full-width\"  id=\"row-316402740\">\n<div class=\"col small-12 large-12\"  ><div class=\"col-inner\"  >\n\r\n  <div class=\"banner has-hover\" id=\"banner-596786227\">\r\n          <div class=\"banner-inner fill\">\r\n        <div class=\"banner-bg fill\" >\r\n            <div class=\"bg fill bg-fill \"><\/div>\r\n                        <div class=\"overlay\"><\/div>            \r\n                    <\/div><!-- bg-layers -->\r\n        <div class=\"banner-layers container\">\r\n            <div class=\"fill banner-link\"><\/div>            \n   <div id=\"text-box-762902958\" class=\"text-box banner-layer x50 md-x50 lg-x50 y50 md-y50 lg-y50 res-text\">\r\n                                <div class=\"text dark\">\r\n              \r\n              <div class=\"text-inner text-left\">\r\n                  \n<h1 class=\"uppercase\"><strong>Que es el coaching?<\/strong><\/h1>\n<div class=\"gap-element\" style=\"display:block; height:auto; padding-top:20px\" class=\"clearfix\"><\/div>\n<div class=\"is-divider divider clearfix\" style=\"max-width:60px;\"><\/div><!-- .divider -->\n<p>El Coaching es una herramienta que ofrece un conjunto de tecnicas de autoconocimiento para las personas en b\u00fasqueda de crecimiento personal y profesional. Es un trabajo continuo en el desarrollo de habilidades individuales que permite explorar el punto de partida, evaluar la disposici\u00f3n individual para lograr metas y encontrar opciones que lleven a conseguir los objetivos. Este m\u00e9todo exige de las partes involucradas un compromiso mutuo para lograr el objetivo deseado.<\/p>\n              <\/div>\r\n           <\/div><!-- text-box-inner -->\r\n                            \n<style scope=\"scope\">\n\n#text-box-762902958 {\n  width: 54%;\n}\n#text-box-762902958 .text {\n  font-size: 88%;\n}\n\n\n@media (min-width:550px) {\n\n  #text-box-762902958 {\n    width: 55%;\n  }\n\n}\n<\/style>\n    <\/div><!-- text-box -->\r\n \n        <\/div><!-- .banner-layers -->\r\n      <\/div><!-- .banner-inner -->\r\n\r\n            \n<style scope=\"scope\">\n\n#banner-596786227 {\n  padding-top: 500px;\n}\n#banner-596786227 .bg.bg-loaded {\n  background-image: url(https:\/\/amholisticwellness.com\/es\/wp-content\/uploads\/2018\/12\/faaashion-2-of-7.jpg);\n}\n#banner-596786227 .overlay {\n  background-color: rgba(41, 41, 41, 0.76);\n}\n#banner-596786227 .bg {\n  background-position: 63% 76%;\n}\n\n\n@media (min-width:550px) {\n\n  #banner-596786227 {\n    padding-top: 500px;\n  }\n\n}\n<\/style>\n  <\/div><!-- .banner -->\r\n\r\n\n<\/div><\/div>\n<div class=\"col small-12 large-12\"  ><div class=\"col-inner\"  >\n<div class=\"gap-element\" style=\"display:block; height:auto; padding-top:50px\" class=\"clearfix\"><\/div>\n<\/div><\/div>\n\n<style scope=\"scope\">\n\n<\/style>\n<\/div>\n<div class=\"row\"  id=\"row-143312326\">\n<div class=\"col medium-3 small-12 large-3\"  ><div class=\"col-inner\"  >\n<p><img loading=\"lazy\" decoding=\"async\" class=\"alignnone wp-image-139\" src=\"http:\/\/angelicamolina.acreative.work\/wp-content\/uploads\/2018\/12\/Travel-200x300.jpg\" alt=\"\" width=\"259\" height=\"389\" srcset=\"https:\/\/amholisticwellness.com\/es\/wp-content\/uploads\/2018\/12\/Travel-200x300.jpg 200w, https:\/\/amholisticwellness.com\/es\/wp-content\/uploads\/2018\/12\/Travel.jpg 259w\" sizes=\"(max-width: 259px) 100vw, 259px\" \/><\/p>\n<\/div><\/div>\n<div class=\"col medium-9 small-12 large-9\"  ><div class=\"col-inner\"  >\n\r\n\t\t<div class=\"icon-box featured-box icon-box-top text-left\"  >\r\n\t\t\t\t\t<div class=\"icon-box-img\" style=\"width: 46px\">\r\n\t\t\t\t<div class=\"icon\">\r\n\t\t\t\t\t<div class=\"icon-inner\" >\r\n\t\t\t\t\t\t<img loading=\"lazy\" decoding=\"async\" width=\"1\" height=\"1\" src=\"https:\/\/amholisticwellness.com\/es\/wp-content\/uploads\/2018\/12\/group-profile-users.svg\" class=\"attachment-medium size-medium\" alt=\"\" \/>\t\t\t\t\t<\/div>\r\n\t\t\t\t<\/div>\r\n\t\t\t<\/div>\r\n\t\t\t\t<div class=\"icon-box-text last-reset\">\r\n\t\t\t\t\t\t\t\t\t\n<h3><strong>Apoyo en el Traslado\/asentamiento  &#8211; entrenamiento cultural<\/strong><\/h3>\n<p>Trasladarse a un nuevo pa\u00eds puede ser muy abrumador y trae consigo demandas constantes  en la toma de decisiones cuando a menudo no tenemos suficiente informaci\u00f3n para saber cual es la decisi\u00f3n correcta. Mi apoyo es acompa\u00f1arte en este proceso para que encuentres la manera de adaptarte exitosamente a tu nuevo ambiente tomando los pasos que necesitas para sentirte confiado y seguro en tu nuevo entorno.<\/p>\n\t\t<\/div>\r\n\t<\/div><!-- .icon-box -->\r\n\t\r\n\t\n<\/div><\/div>\n<\/div>\n<div class=\"gap-element\" style=\"display:block; height:auto; padding-top:50px\" class=\"clearfix\"><\/div>\n<div class=\"row\"  id=\"row-926678643\">\n<div class=\"col medium-3 small-12 large-3\"  ><div class=\"col-inner\"  >\n<p><img loading=\"lazy\" decoding=\"async\" class=\"alignnone wp-image-141 size-full\" src=\"http:\/\/angelicamolina.acreative.work\/wp-content\/uploads\/2018\/12\/pathway.jpg\" alt=\"\" width=\"259\" height=\"389\" srcset=\"https:\/\/amholisticwellness.com\/es\/wp-content\/uploads\/2018\/12\/pathway.jpg 259w, https:\/\/amholisticwellness.com\/es\/wp-content\/uploads\/2018\/12\/pathway-200x300.jpg 200w\" sizes=\"(max-width: 259px) 100vw, 259px\" \/><\/p>\n<\/div><\/div>\n<div class=\"col medium-9 small-12 large-9\"  ><div class=\"col-inner\"  >\n\r\n\t\t<div class=\"icon-box featured-box icon-box-top text-left\"  >\r\n\t\t\t\t\t<div class=\"icon-box-img\" style=\"width: 46px\">\r\n\t\t\t\t<div class=\"icon\">\r\n\t\t\t\t\t<div class=\"icon-inner\" >\r\n\t\t\t\t\t\t<img loading=\"lazy\" decoding=\"async\" width=\"300\" height=\"300\" src=\"https:\/\/amholisticwellness.com\/es\/wp-content\/uploads\/2018\/12\/path-300x300.png\" class=\"attachment-medium size-medium\" alt=\"\" srcset=\"https:\/\/amholisticwellness.com\/es\/wp-content\/uploads\/2018\/12\/path-300x300.png 300w, https:\/\/amholisticwellness.com\/es\/wp-content\/uploads\/2018\/12\/path-150x150.png 150w, https:\/\/amholisticwellness.com\/es\/wp-content\/uploads\/2018\/12\/path-768x768.png 768w, https:\/\/amholisticwellness.com\/es\/wp-content\/uploads\/2018\/12\/path-1024x1024.png 1024w, https:\/\/amholisticwellness.com\/es\/wp-content\/uploads\/2018\/12\/path-600x600.png 600w, https:\/\/amholisticwellness.com\/es\/wp-content\/uploads\/2018\/12\/path-100x100.png 100w, https:\/\/amholisticwellness.com\/es\/wp-content\/uploads\/2018\/12\/path.png 1667w\" sizes=\"(max-width: 300px) 100vw, 300px\" \/>\t\t\t\t\t<\/div>\r\n\t\t\t\t<\/div>\r\n\t\t\t<\/div>\r\n\t\t\t\t<div class=\"icon-box-text last-reset\">\r\n\t\t\t\t\t\t\t\t\t\n<h3><strong>Encuentra tus verdaderas metas y pasi\u00f3n\/Plan de carrera<\/strong><\/h3>\n<p>Muchas personas se encuentran constantemente insatisfechas con su trabajo y con su vida apesar de trabajar fuerte y poseer diferentes habilidades . Si no estas seguro acerca del siguiente paso o exactamente que cambio estas buscando podemos trabajar juntos en descubrir lo que te apasiona sin dejarte distraer por otras cosas.<\/p>\n\t\t<\/div>\r\n\t<\/div><!-- .icon-box -->\r\n\t\r\n\t\n<\/div><\/div>\n<\/div>\n<div class=\"gap-element\" style=\"display:block; height:auto; padding-top:50px\" class=\"clearfix\"><\/div>\n<div class=\"row\"  id=\"row-258110735\">\n<div class=\"col medium-3 small-12 large-3\"  ><div class=\"col-inner\"  >\n<p><img loading=\"lazy\" decoding=\"async\" class=\"alignnone wp-image-143 size-full\" src=\"http:\/\/angelicamolina.acreative.work\/wp-content\/uploads\/2018\/12\/emotion.jpg\" alt=\"\" width=\"259\" height=\"389\" srcset=\"https:\/\/amholisticwellness.com\/es\/wp-content\/uploads\/2018\/12\/emotion.jpg 259w, https:\/\/amholisticwellness.com\/es\/wp-content\/uploads\/2018\/12\/emotion-200x300.jpg 200w\" sizes=\"(max-width: 259px) 100vw, 259px\" \/><\/p>\n<\/div><\/div>\n<div class=\"col medium-9 small-12 large-9\"  ><div class=\"col-inner\"  >\n\r\n\t\t<div class=\"icon-box featured-box icon-box-top text-left\"  >\r\n\t\t\t\t\t<div class=\"icon-box-img\" style=\"width: 46px\">\r\n\t\t\t\t<div class=\"icon\">\r\n\t\t\t\t\t<div class=\"icon-inner\" >\r\n\t\t\t\t\t\t<img loading=\"lazy\" decoding=\"async\" width=\"300\" height=\"300\" src=\"https:\/\/amholisticwellness.com\/es\/wp-content\/uploads\/2018\/12\/emotionsblack-300x300.png\" class=\"attachment-medium size-medium\" alt=\"\" srcset=\"https:\/\/amholisticwellness.com\/es\/wp-content\/uploads\/2018\/12\/emotionsblack-300x300.png 300w, https:\/\/amholisticwellness.com\/es\/wp-content\/uploads\/2018\/12\/emotionsblack-150x150.png 150w, https:\/\/amholisticwellness.com\/es\/wp-content\/uploads\/2018\/12\/emotionsblack-768x768.png 768w, https:\/\/amholisticwellness.com\/es\/wp-content\/uploads\/2018\/12\/emotionsblack-1024x1024.png 1024w, https:\/\/amholisticwellness.com\/es\/wp-content\/uploads\/2018\/12\/emotionsblack-600x600.png 600w, https:\/\/amholisticwellness.com\/es\/wp-content\/uploads\/2018\/12\/emotionsblack-100x100.png 100w, https:\/\/amholisticwellness.com\/es\/wp-content\/uploads\/2018\/12\/emotionsblack.png 1667w\" sizes=\"(max-width: 300px) 100vw, 300px\" \/>\t\t\t\t\t<\/div>\r\n\t\t\t\t<\/div>\r\n\t\t\t<\/div>\r\n\t\t\t\t<div class=\"icon-box-text last-reset\">\r\n\t\t\t\t\t\t\t\t\t\n<h3><strong>Manejo de emociones<\/strong><\/h3>\n<p>Hay muchas situaciones y cambios en la vida que nos retan hasta el punto de perder la habilidad de manejar nuestras emociones, dejando que afecten diferentes partes de nuestra vida. Puedo ayudarte a identificar estas situaciones, las causas y una mejor manera de responder a ellas para vivir una vida mas sana, tener mejores relaciones y mejorar nuestro bienestar emocional.\n<\/p>\n\t\t<\/div>\r\n\t<\/div><!-- .icon-box -->\r\n\t\r\n\t\n<\/div><\/div>\n<\/div>\n<div class=\"gap-element\" style=\"display:block; height:auto; padding-top:50px\" class=\"clearfix\"><\/div>\n<div class=\"row\"  id=\"row-1333465093\">\n<div class=\"col medium-3 small-12 large-3\"  ><div class=\"col-inner\"  >\n<p><img loading=\"lazy\" decoding=\"async\" class=\"alignnone wp-image-144 size-full\" src=\"http:\/\/angelicamolina.acreative.work\/wp-content\/uploads\/2018\/12\/confidence.jpg\" alt=\"\" width=\"259\" height=\"389\" srcset=\"https:\/\/amholisticwellness.com\/es\/wp-content\/uploads\/2018\/12\/confidence.jpg 259w, https:\/\/amholisticwellness.com\/es\/wp-content\/uploads\/2018\/12\/confidence-200x300.jpg 200w\" sizes=\"(max-width: 259px) 100vw, 259px\" \/><\/p>\n<\/div><\/div>\n<div class=\"col medium-9 small-12 large-9\"  ><div class=\"col-inner\"  >\n\r\n\t\t<div class=\"icon-box featured-box icon-box-top text-left\"  >\r\n\t\t\t\t\t<div class=\"icon-box-img\" style=\"width: 46px\">\r\n\t\t\t\t<div class=\"icon\">\r\n\t\t\t\t\t<div class=\"icon-inner\" >\r\n\t\t\t\t\t\t<img loading=\"lazy\" decoding=\"async\" width=\"300\" height=\"300\" src=\"https:\/\/amholisticwellness.com\/es\/wp-content\/uploads\/2018\/12\/confidenceblack-300x300.png\" class=\"attachment-medium size-medium\" alt=\"\" srcset=\"https:\/\/amholisticwellness.com\/es\/wp-content\/uploads\/2018\/12\/confidenceblack-300x300.png 300w, https:\/\/amholisticwellness.com\/es\/wp-content\/uploads\/2018\/12\/confidenceblack-150x150.png 150w, https:\/\/amholisticwellness.com\/es\/wp-content\/uploads\/2018\/12\/confidenceblack-768x768.png 768w, https:\/\/amholisticwellness.com\/es\/wp-content\/uploads\/2018\/12\/confidenceblack-1024x1024.png 1024w, https:\/\/amholisticwellness.com\/es\/wp-content\/uploads\/2018\/12\/confidenceblack-600x600.png 600w, https:\/\/amholisticwellness.com\/es\/wp-content\/uploads\/2018\/12\/confidenceblack-100x100.png 100w, https:\/\/amholisticwellness.com\/es\/wp-content\/uploads\/2018\/12\/confidenceblack.png 1667w\" sizes=\"(max-width: 300px) 100vw, 300px\" \/>\t\t\t\t\t<\/div>\r\n\t\t\t\t<\/div>\r\n\t\t\t<\/div>\r\n\t\t\t\t<div class=\"icon-box-text last-reset\">\r\n\t\t\t\t\t\t\t\t\t\n<h3><strong>Mejorar la confianza y autoestima<\/strong><\/h3>\n<p>\nDebido  a diferentes circunstancias muchas personas se inundan de dudas acerca de si mismos, su val\u00eda y de lo que merecen en la vida, siendo esto a menudo lo que los detiene para lograr sus sue\u00f1os. Podemos trabajar en como mejorar tu confianza y seguridad a trav\u00e9s de diferentes t\u00e9cnicas para aprender a creer en ti mismo y descubrir o redescubrir la persona que eres y conseguir lo que mereces en la vida.\n<\/p>\n\t\t<\/div>\r\n\t<\/div><!-- .icon-box -->\r\n\t\r\n\t\n<\/div><\/div>\n<\/div>\n<div class=\"gap-element\" style=\"display:block; height:auto; padding-top:50px\" class=\"clearfix\"><\/div>\n<div class=\"row\"  id=\"row-844055640\">\n<div class=\"col medium-3 small-12 large-3\"  ><div class=\"col-inner\"  >\n<p><img loading=\"lazy\" decoding=\"async\" class=\"alignnone wp-image-145 size-full\" src=\"http:\/\/angelicamolina.acreative.work\/wp-content\/uploads\/2018\/12\/relations.jpg\" alt=\"\" width=\"259\" height=\"389\" srcset=\"https:\/\/amholisticwellness.com\/es\/wp-content\/uploads\/2018\/12\/relations.jpg 259w, https:\/\/amholisticwellness.com\/es\/wp-content\/uploads\/2018\/12\/relations-200x300.jpg 200w\" sizes=\"(max-width: 259px) 100vw, 259px\" \/><\/p>\n<\/div><\/div>\n<div class=\"col medium-9 small-12 large-9\"  ><div class=\"col-inner\"  >\n\r\n\t\t<div class=\"icon-box featured-box icon-box-top text-left\"  >\r\n\t\t\t\t\t<div class=\"icon-box-img\" style=\"width: 46px\">\r\n\t\t\t\t<div class=\"icon\">\r\n\t\t\t\t\t<div class=\"icon-inner\" >\r\n\t\t\t\t\t\t<img loading=\"lazy\" decoding=\"async\" width=\"1\" height=\"1\" src=\"https:\/\/amholisticwellness.com\/es\/wp-content\/uploads\/2018\/12\/heart-shape-silhouette.svg\" class=\"attachment-medium size-medium\" alt=\"\" \/>\t\t\t\t\t<\/div>\r\n\t\t\t\t<\/div>\r\n\t\t\t<\/div>\r\n\t\t\t\t<div class=\"icon-box-text last-reset\">\r\n\t\t\t\t\t\t\t\t\t\n<h3><strong>Relaciones personales<\/strong><\/h3>\n<p>Siempre sonamos con tener relaciones sanas y felices pero algunas veces no logramos conseguirlas sin entender que nos impide hacerlo. Puedo ayudarte a identificar la relaci\u00f3n que buscas, las barreras que te detienen para lograrlo y encontrar tecnicas para sentirte conectado contigo y con los dem\u00e1s.\n<\/p>\n\t\t<\/div>\r\n\t<\/div><!-- .icon-box -->\r\n\t\r\n\t\n<\/div><\/div>\n<\/div>\n<div class=\"gap-element\" style=\"display:block; height:auto; padding-top:50px\" class=\"clearfix\"><\/div>\n<div class=\"row\"  id=\"row-1395546991\">\n<div class=\"col medium-3 small-12 large-3\"  ><div class=\"col-inner\"  >\n<p><img loading=\"lazy\" decoding=\"async\" class=\"alignnone wp-image-146 size-full\" src=\"http:\/\/angelicamolina.acreative.work\/wp-content\/uploads\/2018\/12\/leadership.jpg\" alt=\"\" width=\"259\" height=\"389\" srcset=\"https:\/\/amholisticwellness.com\/es\/wp-content\/uploads\/2018\/12\/leadership.jpg 259w, https:\/\/amholisticwellness.com\/es\/wp-content\/uploads\/2018\/12\/leadership-200x300.jpg 200w\" sizes=\"(max-width: 259px) 100vw, 259px\" \/><\/p>\n<\/div><\/div>\n<div class=\"col medium-9 small-12 large-9\"  ><div class=\"col-inner\"  >\n\r\n\t\t<div class=\"icon-box featured-box icon-box-top text-left\"  >\r\n\t\t\t\t\t<div class=\"icon-box-img\" style=\"width: 46px\">\r\n\t\t\t\t<div class=\"icon\">\r\n\t\t\t\t\t<div class=\"icon-inner\" >\r\n\t\t\t\t\t\t<img loading=\"lazy\" decoding=\"async\" width=\"1\" height=\"1\" src=\"https:\/\/amholisticwellness.com\/es\/wp-content\/uploads\/2018\/12\/building-front.svg\" class=\"attachment-medium size-medium\" alt=\"\" \/>\t\t\t\t\t<\/div>\r\n\t\t\t\t<\/div>\r\n\t\t\t<\/div>\r\n\t\t\t\t<div class=\"icon-box-text last-reset\">\r\n\t\t\t\t\t\t\t\t\t\n<h3><strong>Mentoring\/ Liderazgo corporativo<\/strong><\/h3>\n<p>A menudo necesitamos discutir situaciones y retos laborales en un espacio donde nos podamos sentir seguros y no sentirnos juzgados, donde tambi\u00e9n podamos encontrar guia y apoyo. Puedo ofrecerte un lugar para conversar acerca de los retos que encuentras en el trabajo y desarrollar las t\u00e9cnicas para que puedas afrontar esas situaciones de una manera m\u00e1s apropiada y obtener la confianza que necesitas para resolver estos retos con seguridad.\n<\/p>\n\t\t<\/div>\r\n\t<\/div><!-- .icon-box -->\r\n\t\r\n\t\n<\/div><\/div>\n<\/div>\n<div class=\"gap-element\" style=\"display:block; height:auto; padding-top:50px\" class=\"clearfix\"><\/div>\n<div class=\"row\"  id=\"row-793963480\">\n<div class=\"col medium-3 small-12 large-3\"  ><div class=\"col-inner\"  >\n<p><img loading=\"lazy\" decoding=\"async\" class=\"alignnone wp-image-147 size-full\" src=\"http:\/\/angelicamolina.acreative.work\/wp-content\/uploads\/2018\/12\/retirement.jpg\" alt=\"\" width=\"259\" height=\"389\" srcset=\"https:\/\/amholisticwellness.com\/es\/wp-content\/uploads\/2018\/12\/retirement.jpg 259w, https:\/\/amholisticwellness.com\/es\/wp-content\/uploads\/2018\/12\/retirement-200x300.jpg 200w\" sizes=\"(max-width: 259px) 100vw, 259px\" \/><\/p>\n<\/div><\/div>\n<div class=\"col medium-9 small-12 large-9\"  ><div class=\"col-inner\"  >\n\r\n\t\t<div class=\"icon-box featured-box icon-box-top text-left\"  >\r\n\t\t\t\t\t<div class=\"icon-box-img\" style=\"width: 46px\">\r\n\t\t\t\t<div class=\"icon\">\r\n\t\t\t\t\t<div class=\"icon-inner\" >\r\n\t\t\t\t\t\t<img loading=\"lazy\" decoding=\"async\" width=\"1\" height=\"1\" src=\"https:\/\/amholisticwellness.com\/es\/wp-content\/uploads\/2018\/12\/certificate-shape.svg\" class=\"attachment-medium size-medium\" alt=\"\" \/>\t\t\t\t\t<\/div>\r\n\t\t\t\t<\/div>\r\n\t\t\t<\/div>\r\n\t\t\t\t<div class=\"icon-box-text last-reset\">\r\n\t\t\t\t\t\t\t\t\t\n<h3><strong>Plan de retiro<\/strong><\/h3>\n<p>Esta es la etapa para disfrutar y convertir  tus sue\u00f1os de retiro en realidad, sin embargo muchas personas en esta etapa se encuentran sin saber que hacer con la nueva vida que tienen en sus manos.  Frecuentemente los jubilados se sienten abrumados y se ven extra\u00f1ando su estilo de vida pasado. Podemos trabajar un plan para tu nueva vida y futuro donde todav\u00eda puedas sentirte conectado con otros y encuentres un nuevo sentido para esta etapa.\n<\/p>\n\t\t<\/div>\r\n\t<\/div><!-- .icon-box -->\r\n\t\r\n\t\n<\/div><\/div>\n<\/div>\n","protected":false},"excerpt":{"rendered":"","protected":false},"author":2,"featured_media":0,"parent":0,"menu_order":0,"comment_status":"closed","ping_status":"closed","template":"page-blank.php","meta":{"footnotes":""},"_links":{"self":[{"href":"https:\/\/amholisticwellness.com\/es\/wp-json\/wp\/v2\/pages\/111"}],"collection":[{"href":"https:\/\/amholisticwellness.com\/es\/wp-json\/wp\/v2\/pages"}],"about":[{"href":"https:\/\/amholisticwellness.com\/es\/wp-json\/wp\/v2\/types\/page"}],"author":[{"embeddable":true,"href":"https:\/\/amholisticwellness.com\/es\/wp-json\/wp\/v2\/users\/2"}],"replies":[{"embeddable":true,"href":"https:\/\/amholisticwellness.com\/es\/wp-json\/wp\/v2\/comments?post=111"}],"version-history":[{"count":25,"href":"https:\/\/amholisticwellness.com\/es\/wp-json\/wp\/v2\/pages\/111\/revisions"}],"predecessor-version":[{"id":229,"href":"https:\/\/amholisticwellness.com\/es\/wp-json\/wp\/v2\/pages\/111\/revisions\/229"}],"wp:attachment":[{"href":"https:\/\/amholisticwellness.com\/es\/wp-json\/wp\/v2\/media?parent=111"}],"curies":[{"name":"wp","href":"https:\/\/api.w.org\/{rel}","templated":true}]}}